{"id":57,"date":"2012-10-11T12:25:54","date_gmt":"2012-10-11T12:25:54","guid":{"rendered":"http:\/\/bankas.viko.lt\/?page_id=57"},"modified":"2026-05-07T04:36:46","modified_gmt":"2026-05-07T04:36:46","slug":"nuorodos","status":"publish","type":"page","link":"https:\/\/bankas.viko.lt\/?page_id=57","title":{"rendered":"Nuorodos \/ References"},"content":{"rendered":"\n<p class=\"has-large-font-size\"><strong>Ekonomikos ir finans\u0173 duomen\u0173 skelb\u0117jai:<\/strong><\/p>\n\n\n\n<ul class=\"wp-block-list\">\n<li>Lietuvos Respublikos Finans\u0173 ministerija &#8211; <a href=\"http:\/\/www.finmin.lt\/\">http:\/\/www.finmin.lt<\/a><\/li>\n\n\n\n<li>Statistikos departamentas &#8211; <a href=\"http:\/\/www.stat.gov.lt\">http:\/\/www.stat.gov.lt<\/a><\/li>\n\n\n\n<li>Vertybini\u0173 popieri\u0173 bir\u017ea NASDAQ Baltic &#8211; <a href=\"https:\/\/nasdaqbaltic.com\/lt\/ \">https:\/\/nasdaqbaltic.com<\/a><\/li>\n\n\n\n<li>Lietuvos bank\u0173 asociacija &#8211; <a href=\"http:\/\/www.lba.lt\/\">http:\/\/www.lba.lt<\/a><\/li>\n<\/ul>\n\n\n\n<p class=\"has-large-font-size\"><strong>Kitos Lietuvos institucijos<\/strong><\/p>\n\n\n\n<ul class=\"wp-block-list\">\n<li>Lietuvos Respublikos Prezident\u016bra &#8211; <a href=\"http:\/\/www.president.lt\/\">http:\/\/www.president.lt<\/a><\/li>\n\n\n\n<li>Lietuvos Respublikos Seimas &#8211; <a href=\"http:\/\/www.lrs.lt\/\">http:\/\/www.lrs.lt<\/a><\/li>\n\n\n\n<li>Lietuvos Respublikos Vyriausyb\u0117 &#8211; <a href=\"http:\/\/www.lrvk.lt\/\">http:\/\/www.lrvk.lt<\/a><\/li>\n\n\n\n<li>Lietuvos Respublikos u\u017esienio reikal\u0173 ministerija &#8211; <a href=\"http:\/\/www.urm.lt\/\">http:\/\/www.urm.lt<\/a><\/li>\n\n\n\n<li>Lietuvos bankas &#8211; <a href=\"https:\/\/www.lb.lt\/\">https:\/\/www.lb.lt<\/a><\/li>\n\n\n\n<li>ILTE nacionalinis pl\u0117tros bankas &#8211; <a href=\"https:\/\/ilte.lt\/\">https:\/\/ilte.lt<\/a><\/li>\n<\/ul>\n\n\n\n<p class=\"has-large-font-size\"><strong>Kolekcin\u0117s (progin\u0117s) monetos<\/strong><\/p>\n\n\n\n<ul class=\"wp-block-list\">\n<li>UAB \u201eLietuvos monet\u0173 kalykla\u201c &#8211; <a href=\"http:\/\/www.lithuanian-mint.lt\/\">http:\/\/www.lithuanian-mint.lt<\/a><\/li>\n<\/ul>\n\n\n\n<p class=\"has-large-font-size\"><strong>Tarptautin\u0117s organizacijos<\/strong><\/p>\n\n\n\n<ul class=\"wp-block-list\">\n<li>Europos Centrinis Bankas &#8211; <a href=\"http:\/\/www.ecb.int\/\">http:\/\/www.ecb.int<\/a><\/li>\n\n\n\n<li>Europos S\u0105jungos institucijos &#8211; <a href=\"http:\/\/europa.eu\/\">http:\/\/europa.eu<\/a><\/li>\n\n\n\n<li>Tarptautini\u0173 atsiskaitym\u0173 bankas &#8211; <a href=\"http:\/\/www.bis.org\/\">http:\/\/www.bis.org<\/a><\/li>\n\n\n\n<li>Tarptautinis valiutos fondas &#8211; <a href=\"http:\/\/www.imf.org\/\">http:\/\/www.imf.org<\/a><\/li>\n\n\n\n<li>Pasaulio bankas &#8211; <a href=\"http:\/\/www.worldbank.org\/\">http:\/\/www.worldbank.org<\/a><\/li>\n\n\n\n<li>Europos Bendrijos statistikos \u012fstaiga (EUROSTAT) &#8211; <a href=\"https:\/\/ec.europa.eu\/eurostat\">https:\/\/ec.europa.eu\/eurostat<\/a><\/li>\n<\/ul>\n","protected":false},"excerpt":{"rendered":"<p>Ekonomikos ir finans\u0173 duomen\u0173 skelb\u0117jai: Kitos Lietuvos institucijos Kolekcin\u0117s (progin\u0117s) monetos Tarptautin\u0117s organizacijos<\/p>\n","protected":false},"author":1,"featured_media":0,"parent":0,"menu_order":6,"comment_status":"closed","ping_status":"closed","template":"","meta":{"footnotes":""},"class_list":["post-57","page","type-page","status-publish","hentry"],"_links":{"self":[{"href":"https:\/\/bankas.viko.lt\/index.php?rest_route=\/wp\/v2\/pages\/57","targetHints":{"allow":["GET"]}}],"collection":[{"href":"https:\/\/bankas.viko.lt\/index.php?rest_route=\/wp\/v2\/pages"}],"about":[{"href":"https:\/\/bankas.viko.lt\/index.php?rest_route=\/wp\/v2\/types\/page"}],"author":[{"embeddable":true,"href":"https:\/\/bankas.viko.lt\/index.php?rest_route=\/wp\/v2\/users\/1"}],"replies":[{"embeddable":true,"href":"https:\/\/bankas.viko.lt\/index.php?rest_route=%2Fwp%2Fv2%2Fcomments&post=57"}],"version-history":[{"count":10,"href":"https:\/\/bankas.viko.lt\/index.php?rest_route=\/wp\/v2\/pages\/57\/revisions"}],"predecessor-version":[{"id":2025,"href":"https:\/\/bankas.viko.lt\/index.php?rest_route=\/wp\/v2\/pages\/57\/revisions\/2025"}],"wp:attachment":[{"href":"https:\/\/bankas.viko.lt\/index.php?rest_route=%2Fwp%2Fv2%2Fmedia&parent=57"}],"curies":[{"name":"wp","href":"https:\/\/api.w.org\/{rel}","templated":true}]}}