{"id":16,"date":"2012-03-23T09:00:57","date_gmt":"2012-03-23T09:00:57","guid":{"rendered":"http:\/\/bankas.viko.lt\/?page_id=16"},"modified":"2026-05-07T05:21:01","modified_gmt":"2026-05-07T05:21:01","slug":"kontaktai","status":"publish","type":"page","link":"https:\/\/bankas.viko.lt\/?page_id=16","title":{"rendered":"Kontaktai \/ Contacts"},"content":{"rendered":"\n<p class=\"has-large-font-size\"><strong>IB VIKO BANKAS<\/strong><\/p>\n\n\n\n<p class=\"has-large-font-size\"><strong>Adresas<\/strong><\/p>\n\n\n\n<p><strong>Vilniaus kolegija Ekonomikos fakultetas<\/strong><br>Student\u0173 g. 39A, LT \u2013 08106 Vilnius, Lietuva<br>Tel. +370 640 37 864<br><strong>El. pa\u0161tas:<\/strong>&nbsp;info.vikobankas@gmail.com<\/p>\n\n\n\n<p>&nbsp;<\/p>\n\n\n\n<p class=\"has-large-font-size\"><strong>Imitacin\u0117s bendrov\u0117s vadov\u0117<\/strong><\/p>\n\n\n\n<p><strong>Jolita Naujalien\u0117<\/strong><br><strong>El. pa\u0161tas:<\/strong>&nbsp;<a href=\"mailto:j.naujaliene@ekf.viko.lt\" target=\"_blank\" rel=\"noreferrer noopener\">j.naujaliene@ekf.viko.lt<\/a><\/p>\n\n\n\n<p><\/p>\n","protected":false},"excerpt":{"rendered":"<p>IB VIKO BANKAS Adresas Vilniaus kolegija Ekonomikos fakultetasStudent\u0173 g. 39A, LT \u2013 08106 Vilnius, LietuvaTel. +370 640 37 864El. pa\u0161tas:&nbsp;info.vikobankas@gmail.com &nbsp; Imitacin\u0117s bendrov\u0117s vadov\u0117 Jolita Naujalien\u0117El. pa\u0161tas:&nbsp;j.naujaliene@ekf.viko.lt<\/p>\n","protected":false},"author":1,"featured_media":0,"parent":0,"menu_order":7,"comment_status":"closed","ping_status":"closed","template":"","meta":{"footnotes":""},"class_list":["post-16","page","type-page","status-publish","hentry"],"_links":{"self":[{"href":"https:\/\/bankas.viko.lt\/index.php?rest_route=\/wp\/v2\/pages\/16","targetHints":{"allow":["GET"]}}],"collection":[{"href":"https:\/\/bankas.viko.lt\/index.php?rest_route=\/wp\/v2\/pages"}],"about":[{"href":"https:\/\/bankas.viko.lt\/index.php?rest_route=\/wp\/v2\/types\/page"}],"author":[{"embeddable":true,"href":"https:\/\/bankas.viko.lt\/index.php?rest_route=\/wp\/v2\/users\/1"}],"replies":[{"embeddable":true,"href":"https:\/\/bankas.viko.lt\/index.php?rest_route=%2Fwp%2Fv2%2Fcomments&post=16"}],"version-history":[{"count":39,"href":"https:\/\/bankas.viko.lt\/index.php?rest_route=\/wp\/v2\/pages\/16\/revisions"}],"predecessor-version":[{"id":2094,"href":"https:\/\/bankas.viko.lt\/index.php?rest_route=\/wp\/v2\/pages\/16\/revisions\/2094"}],"wp:attachment":[{"href":"https:\/\/bankas.viko.lt\/index.php?rest_route=%2Fwp%2Fv2%2Fmedia&parent=16"}],"curies":[{"name":"wp","href":"https:\/\/api.w.org\/{rel}","templated":true}]}}