{"id":708,"date":"2014-12-12T09:05:55","date_gmt":"2014-12-12T09:05:55","guid":{"rendered":"http:\/\/bankas.viko.lt\/?page_id=708"},"modified":"2016-03-23T12:12:25","modified_gmt":"2016-03-23T12:12:25","slug":"pinigu-muziejaus-remejai","status":"publish","type":"page","link":"http:\/\/bankas.viko.lt\/?page_id=708","title":{"rendered":"Pinig\u0173 muziejaus r\u0117m\u0117jai"},"content":{"rendered":"<p><em><strong>D\u0117kojame \u201eVIKO banko\u201c pinig\u0173 muziejaus r\u0117m\u0117jams u\u017e tai, kad prisid\u0117jo prie banko \u012fk\u016brimo:<\/strong><\/em><\/p>\n<p>Daiva Veli\u010dkait\u0117-Ardi\u0161auskien\u0117<br \/>\nGitana Me\u010d\u0117jien\u0117<br \/>\nJolita Sliebuvien\u0117<br \/>\nLaura Sivinskaja<br \/>\nIneta Jokim\u010di\u016bt\u0117<br \/>\nViktorija Vasilevskaja<br \/>\nLolita Kriukovait\u0117<br \/>\nLeonarda Kondrackaja<br \/>\nKsenija Lipeckaja<br \/>\nGra\u017eina Nekro\u0161yt\u0117<br \/>\nRita Marti\u0161ien\u0117<br \/>\nGreta \u0160matait\u0117<br \/>\nGintar\u0117 Eidukynait\u0117<br \/>\nAlvydas Mackevi\u010dius<br \/>\nUgn\u0117 Snie\u0161kait\u0117<br \/>\nInga Grinevi\u010dien\u0117<br \/>\nDeimant\u0117 Navickait\u0117<br \/>\nJolanta Kotelovi\u010dien\u0117<br \/>\nMatas Salad\u017eius<br \/>\nIgnas Petru\u0161is<br \/>\nJulita Medolinskait\u0117<br \/>\nNatalija Partolina<br \/>\nArt\u016bras Novikovas<br \/>\nDiana Domidovi\u010d<br \/>\nMarta Dombrovska<br \/>\nAsta Pikelien\u0117<br \/>\nDeividas \u0160mitas<br \/>\nLina Martinkien\u0117<br \/>\n\u017divil\u0117 \u0160e\u0161kut\u0117<br \/>\nRita Slabadait\u0117<br \/>\nLaurynas Adomaitis<br \/>\nR\u016bta Lisinskait\u0117<br \/>\nVilija Sausaityt\u0117<br \/>\nAgnie\u0161ka Kolesnik<br \/>\nKristina \u0160alten\u0117<br \/>\nBronius Povilaitis<br \/>\nMarta Stankevi\u010di\u016bt\u0117<br \/>\nRinalda Breimelyt\u0117<br \/>\nLaima \u0160apalien\u0117<br \/>\nInga Juknevi\u010di\u016bt\u0117<br \/>\nTomas Petro\u0161ius<br \/>\nProfessor Hassan Ali<br \/>\nMigl\u0117 Zumait\u0117<br \/>\nBirut\u0117 Palevi\u010di\u016bt\u0117<br \/>\nIngrida Salkauskien\u0117<br \/>\nKarolina Tamo\u0161aityt\u0117<\/p>\n","protected":false},"excerpt":{"rendered":"<p>D\u0117kojame \u201eVIKO banko\u201c pinig\u0173 muziejaus r\u0117m\u0117jams u\u017e tai, kad prisid\u0117jo prie banko \u012fk\u016brimo: Daiva Veli\u010dkait\u0117-Ardi\u0161auskien\u0117 Gitana Me\u010d\u0117jien\u0117 Jolita Sliebuvien\u0117 Laura Sivinskaja Ineta Jokim\u010di\u016bt\u0117 Viktorija Vasilevskaja Lolita Kriukovait\u0117 Leonarda Kondrackaja Ksenija Lipeckaja Gra\u017eina Nekro\u0161yt\u0117 Rita Marti\u0161ien\u0117 Greta \u0160matait\u0117 Gintar\u0117 Eidukynait\u0117 Alvydas&#8230; <a class=\"more-link\" href=\"http:\/\/bankas.viko.lt\/?page_id=708\">Continue Reading &rarr;<\/a><\/p>\n","protected":false},"author":1,"featured_media":0,"parent":702,"menu_order":0,"comment_status":"closed","ping_status":"open","template":"","meta":{"footnotes":""},"class_list":["post-708","page","type-page","status-publish","hentry"],"_links":{"self":[{"href":"http:\/\/bankas.viko.lt\/index.php?rest_route=\/wp\/v2\/pages\/708","targetHints":{"allow":["GET"]}}],"collection":[{"href":"http:\/\/bankas.viko.lt\/index.php?rest_route=\/wp\/v2\/pages"}],"about":[{"href":"http:\/\/bankas.viko.lt\/index.php?rest_route=\/wp\/v2\/types\/page"}],"author":[{"embeddable":true,"href":"http:\/\/bankas.viko.lt\/index.php?rest_route=\/wp\/v2\/users\/1"}],"replies":[{"embeddable":true,"href":"http:\/\/bankas.viko.lt\/index.php?rest_route=%2Fwp%2Fv2%2Fcomments&post=708"}],"version-history":[{"count":9,"href":"http:\/\/bankas.viko.lt\/index.php?rest_route=\/wp\/v2\/pages\/708\/revisions"}],"predecessor-version":[{"id":968,"href":"http:\/\/bankas.viko.lt\/index.php?rest_route=\/wp\/v2\/pages\/708\/revisions\/968"}],"up":[{"embeddable":true,"href":"http:\/\/bankas.viko.lt\/index.php?rest_route=\/wp\/v2\/pages\/702"}],"wp:attachment":[{"href":"http:\/\/bankas.viko.lt\/index.php?rest_route=%2Fwp%2Fv2%2Fmedia&parent=708"}],"curies":[{"name":"wp","href":"https:\/\/api.w.org\/{rel}","templated":true}]}}