{"id":702,"date":"2014-12-12T09:03:40","date_gmt":"2014-12-12T09:03:40","guid":{"rendered":"http:\/\/bankas.viko.lt\/?page_id=702"},"modified":"2023-09-18T05:05:22","modified_gmt":"2023-09-18T05:05:22","slug":"pinigu-muziejus","status":"publish","type":"page","link":"http:\/\/bankas.viko.lt\/?page_id=702","title":{"rendered":"Pinig\u0173 muziejus \/ Money museum"},"content":{"rendered":"<p>IB VIKO BANKAS kartu su Vilniaus kolegijos Ekonomikos fakulteto Bankininkyst\u0117s katedros studentais, besigilinan\u010diais \u012f mokslo \u017einias bei siekian\u010diais dar labiau populiarinti bankininkyst\u0117s studij\u0173 program\u0105, \u012fk\u016br\u0117 \u201ePinig\u0173 muziej\u0173\u201c. \u010cia eksponuojami XIX-XXI a., \u012fvairi\u0173 pasaulio \u0161ali\u0173, banknotai ir monetos. Kai kuri\u0173 eksponuojam\u0173 valiut\u0173 pavyzd\u017ei\u0173 jau neb\u0117ra apyvartoje. Lankytojai turi puiki\u0105 galimyb\u0119 pa\u017einti Lietuvos ir kit\u0173 pasaulio \u0161ali\u0173 pinigus bei j\u0173 istorij\u0105. \u201ePinig\u0173 muziejuje\u201c lankytojams suteikiama galimyb\u0117 ap\u017ei\u016br\u0117ti vertingus eksponatus ir susipa\u017einti su pateikta informacija.<\/p>\n<p>Pinig\u0173 muziejus \u012fkurtas 2014 met\u0173 vasario 27 dien\u0105. Muziejuje yra \u012fvairi\u0173 banknot\u0173 ir monet\u0173 i\u0161 skirting\u0173 \u0161ali\u0173, toki\u0173 kaip: Austrija, Baltarusija, \u010cekoslovakija, Kinija, Kroatija, Egiptas, Pranc\u016bzijos, Italija, Moldavija, Nepalas, Tunisas, Malaizija ir daug kit\u0173.<\/p>\n<p>IB VIKO BANKAS pinig\u0173 muziejus turi apie 700 monet\u0173 ir apie 230 banknot\u0173.<\/p>\n<p>Muziejaus ekspozicija nuolat papildoma nauj\u0173 pinig\u0173 aukotoj\u0173 pinigais.<\/p>\n\n\n<ul class=\"wp-block-gallery columns-3 is-cropped wp-block-gallery-1 is-layout-flex wp-block-gallery-is-layout-flex\"><li class=\"blocks-gallery-item\"><figure><a href=\"http:\/\/bankas.viko.lt\/wp-content\/uploads\/2019\/10\/image1.png\"><img loading=\"lazy\" decoding=\"async\" width=\"602\" height=\"659\" src=\"http:\/\/bankas.viko.lt\/wp-content\/uploads\/2019\/10\/image1.png\" alt=\"\" data-id=\"1422\" data-link=\"http:\/\/bankas.viko.lt\/?attachment_id=1422\" class=\"wp-image-1422\" srcset=\"http:\/\/bankas.viko.lt\/wp-content\/uploads\/2019\/10\/image1.png 602w, http:\/\/bankas.viko.lt\/wp-content\/uploads\/2019\/10\/image1-274x300.png 274w\" sizes=\"auto, (max-width: 602px) 100vw, 602px\" \/><\/a><\/figure><\/li><li class=\"blocks-gallery-item\"><figure><a href=\"http:\/\/bankas.viko.lt\/wp-content\/uploads\/2019\/10\/image2-1024x481.png\"><img loading=\"lazy\" decoding=\"async\" width=\"1024\" height=\"481\" src=\"http:\/\/bankas.viko.lt\/wp-content\/uploads\/2019\/10\/image2-1024x481.png\" alt=\"\" data-id=\"1423\" data-link=\"http:\/\/bankas.viko.lt\/?attachment_id=1423\" class=\"wp-image-1423\" srcset=\"http:\/\/bankas.viko.lt\/wp-content\/uploads\/2019\/10\/image2-1024x481.png 1024w, http:\/\/bankas.viko.lt\/wp-content\/uploads\/2019\/10\/image2-300x141.png 300w, http:\/\/bankas.viko.lt\/wp-content\/uploads\/2019\/10\/image2-768x361.png 768w, http:\/\/bankas.viko.lt\/wp-content\/uploads\/2019\/10\/image2.png 1291w\" sizes=\"auto, (max-width: 1024px) 100vw, 1024px\" \/><\/a><\/figure><\/li><li class=\"blocks-gallery-item\"><figure><a href=\"http:\/\/bankas.viko.lt\/wp-content\/uploads\/2019\/10\/image3.jpeg\"><img loading=\"lazy\" decoding=\"async\" width=\"953\" height=\"715\" src=\"http:\/\/bankas.viko.lt\/wp-content\/uploads\/2019\/10\/image3.jpeg\" alt=\"\" data-id=\"1424\" data-link=\"http:\/\/bankas.viko.lt\/?attachment_id=1424\" class=\"wp-image-1424\" srcset=\"http:\/\/bankas.viko.lt\/wp-content\/uploads\/2019\/10\/image3.jpeg 953w, http:\/\/bankas.viko.lt\/wp-content\/uploads\/2019\/10\/image3-300x225.jpeg 300w, http:\/\/bankas.viko.lt\/wp-content\/uploads\/2019\/10\/image3-768x576.jpeg 768w\" sizes=\"auto, (max-width: 953px) 100vw, 953px\" \/><\/a><\/figure><\/li><li class=\"blocks-gallery-item\"><figure><a href=\"http:\/\/bankas.viko.lt\/wp-content\/uploads\/2019\/10\/image4.jpeg\"><img loading=\"lazy\" decoding=\"async\" width=\"952\" height=\"714\" src=\"http:\/\/bankas.viko.lt\/wp-content\/uploads\/2019\/10\/image4.jpeg\" alt=\"\" data-id=\"1425\" data-link=\"http:\/\/bankas.viko.lt\/?attachment_id=1425\" class=\"wp-image-1425\" srcset=\"http:\/\/bankas.viko.lt\/wp-content\/uploads\/2019\/10\/image4.jpeg 952w, http:\/\/bankas.viko.lt\/wp-content\/uploads\/2019\/10\/image4-300x225.jpeg 300w, http:\/\/bankas.viko.lt\/wp-content\/uploads\/2019\/10\/image4-768x576.jpeg 768w\" sizes=\"auto, (max-width: 952px) 100vw, 952px\" \/><\/a><\/figure><\/li><\/ul>\n","protected":false},"excerpt":{"rendered":"<p>IB VIKO BANKAS kartu su Vilniaus kolegijos Ekonomikos fakulteto Bankininkyst\u0117s katedros studentais, besigilinan\u010diais \u012f mokslo \u017einias bei siekian\u010diais dar labiau populiarinti bankininkyst\u0117s studij\u0173 program\u0105, \u012fk\u016br\u0117 \u201ePinig\u0173 muziej\u0173\u201c. \u010cia eksponuojami XIX-XXI a., \u012fvairi\u0173 pasaulio \u0161ali\u0173, banknotai ir monetos. Kai kuri\u0173 eksponuojam\u0173&#8230; <a class=\"more-link\" href=\"http:\/\/bankas.viko.lt\/?page_id=702\">Continue Reading &rarr;<\/a><\/p>\n","protected":false},"author":1,"featured_media":0,"parent":0,"menu_order":3,"comment_status":"closed","ping_status":"closed","template":"","meta":{"footnotes":""},"class_list":["post-702","page","type-page","status-publish","hentry"],"_links":{"self":[{"href":"http:\/\/bankas.viko.lt\/index.php?rest_route=\/wp\/v2\/pages\/702","targetHints":{"allow":["GET"]}}],"collection":[{"href":"http:\/\/bankas.viko.lt\/index.php?rest_route=\/wp\/v2\/pages"}],"about":[{"href":"http:\/\/bankas.viko.lt\/index.php?rest_route=\/wp\/v2\/types\/page"}],"author":[{"embeddable":true,"href":"http:\/\/bankas.viko.lt\/index.php?rest_route=\/wp\/v2\/users\/1"}],"replies":[{"embeddable":true,"href":"http:\/\/bankas.viko.lt\/index.php?rest_route=%2Fwp%2Fv2%2Fcomments&post=702"}],"version-history":[{"count":6,"href":"http:\/\/bankas.viko.lt\/index.php?rest_route=\/wp\/v2\/pages\/702\/revisions"}],"predecessor-version":[{"id":1515,"href":"http:\/\/bankas.viko.lt\/index.php?rest_route=\/wp\/v2\/pages\/702\/revisions\/1515"}],"wp:attachment":[{"href":"http:\/\/bankas.viko.lt\/index.php?rest_route=%2Fwp%2Fv2%2Fmedia&parent=702"}],"curies":[{"name":"wp","href":"https:\/\/api.w.org\/{rel}","templated":true}]}}