{"id":1722,"date":"2024-01-29T06:35:51","date_gmt":"2024-01-29T06:35:51","guid":{"rendered":"http:\/\/bankas.viko.lt\/?page_id=1722"},"modified":"2024-05-30T05:24:36","modified_gmt":"2024-05-30T05:24:36","slug":"investavimas-investments","status":"publish","type":"page","link":"http:\/\/bankas.viko.lt\/?page_id=1722","title":{"rendered":"Investavimas \/ Investments"},"content":{"rendered":"\n<h3 class=\"wp-block-heading has-text-align-center\"><a href=\"https:\/\/docs.google.com\/forms\/d\/1aFoCYI2iw0yHJRPxpQP6yhpF7LP5nkOmAuNjTrySUu8\/edit\">PILDYTI PARAI\u0160K\u0104 \/ FILL IN AN APPLICATION<\/a><\/h3>\n\n\n\n<h2 class=\"wp-block-heading\"><strong>Investiciniai fondai<\/strong><\/h2>\n\n\n\n<p>Jums tereikia pasirinkti pageidaujam\u0105 investavimo strategij\u0105 ir rizikos lyg\u012f. M\u016bs\u0173 profesional\u0173 komanda pasir\u016bpins viskuo kitu.<\/p>\n\n\n\n<p><strong>S\u0105lygos:<\/strong><\/p>\n\n\n\n<ul class=\"wp-block-list\">\n<li>Rekomenduojama ilgalaik\u0117ms investicijoms<\/li>\n\n\n\n<li>Ma\u017eiausia investicijos suma \u2013 1 euras<\/li>\n\n\n\n<li>Platus pasirinkimas \u2013 \u012fvairi\u0173 strategij\u0173, geografini\u0173 vietovi\u0173, akcij\u0173, obligacij\u0173 ir technologij\u0173 fondai<\/li>\n\n\n\n<li>Patogus pavedim\u0173 teikimas interneto banke<\/li>\n\n\n\n<li>Fondas investuoja \u012f daugelio investicij\u0173 valdytoj\u0173 valdomus fondus. Egzistuoja rizika, kad atskiras fondas gali ne\u012fvykdyti savo \u012fsipareigojim\u0173<\/li>\n<\/ul>\n\n\n\n<p><strong>Kod\u0117l verta investuoti \u012f VIKO BANKAS fondus?<\/strong><\/p>\n\n\n\n<ul class=\"wp-block-list\">\n<li>Investuodami \u012f fondus galite u\u017edirbti didesn\u0119 gr\u0105\u017e\u0105 nei laikydami pinigus ind\u0117lio s\u0105skaitoje.<\/li>\n\n\n\n<li>VIKO BANKAS fondus valdo profesional\u016bs investicij\u0173 valdytojai.<\/li>\n\n\n\n<li>Sandoriai VIKO BANKAS fonduose ir vertybini\u0173 popieri\u0173 saugojimas yra nemokami.<\/li>\n\n\n\n<li>Ma\u017eesn\u0117 rizika, nes pasirinkus fondus investuojama \u012f skirtingas bendroves.<\/li>\n<\/ul>\n\n\n\n<h2 class=\"wp-block-heading\">Investment funds<\/h2>\n\n\n\n<p>You just need to choose your preferred investment strategy and risk level. Our team of professionals will take care of everything else.<\/p>\n\n\n\n<p>Conditions:<\/p>\n\n\n\n<ul class=\"wp-block-list\">\n<li>Recommended for long-term investments<\/li>\n\n\n\n<li>The minimum investment amount is 1 euro<\/li>\n\n\n\n<li>Broad selection \u2013 funds across strategies, geographies, stocks, bonds and technology<\/li>\n\n\n\n<li>Convenient submission of orders in the Internet bank<\/li>\n\n\n\n<li>The fund invests in funds managed by many investment managers. There is a risk that an individual fund may default on its obligations<\/li>\n<\/ul>\n\n\n\n<p>Why is it worth investing in VIKO BANK funds?<\/p>\n\n\n\n<ul class=\"wp-block-list\">\n<li>Investing in mutual funds can earn you higher returns than keeping money in a deposit account.<\/li>\n\n\n\n<li>VIKO BANK funds are managed by professional investment managers.<\/li>\n\n\n\n<li>Transactions in VIKO BANK funds and storage of securities are free of charge.<\/li>\n\n\n\n<li>Lower risk, because when choosing funds, investments are made in different companies.<\/li>\n<\/ul>\n","protected":false},"excerpt":{"rendered":"<p>PILDYTI PARAI\u0160K\u0104 \/ FILL IN AN APPLICATION Investiciniai fondai Jums tereikia pasirinkti pageidaujam\u0105 investavimo strategij\u0105 ir rizikos lyg\u012f. M\u016bs\u0173 profesional\u0173 komanda pasir\u016bpins viskuo kitu. S\u0105lygos: Kod\u0117l verta investuoti \u012f VIKO BANKAS fondus? Investment funds You just need to choose your preferred investment strategy and risk level. Our team of professionals will take care of everything else. Conditions: Why is it worth investing in VIKO BANK funds?<\/p>\n","protected":false},"author":1,"featured_media":0,"parent":1553,"menu_order":4,"comment_status":"closed","ping_status":"closed","template":"","meta":{"footnotes":""},"class_list":["post-1722","page","type-page","status-publish","hentry"],"_links":{"self":[{"href":"http:\/\/bankas.viko.lt\/index.php?rest_route=\/wp\/v2\/pages\/1722","targetHints":{"allow":["GET"]}}],"collection":[{"href":"http:\/\/bankas.viko.lt\/index.php?rest_route=\/wp\/v2\/pages"}],"about":[{"href":"http:\/\/bankas.viko.lt\/index.php?rest_route=\/wp\/v2\/types\/page"}],"author":[{"embeddable":true,"href":"http:\/\/bankas.viko.lt\/index.php?rest_route=\/wp\/v2\/users\/1"}],"replies":[{"embeddable":true,"href":"http:\/\/bankas.viko.lt\/index.php?rest_route=%2Fwp%2Fv2%2Fcomments&post=1722"}],"version-history":[{"count":4,"href":"http:\/\/bankas.viko.lt\/index.php?rest_route=\/wp\/v2\/pages\/1722\/revisions"}],"predecessor-version":[{"id":1765,"href":"http:\/\/bankas.viko.lt\/index.php?rest_route=\/wp\/v2\/pages\/1722\/revisions\/1765"}],"up":[{"embeddable":true,"href":"http:\/\/bankas.viko.lt\/index.php?rest_route=\/wp\/v2\/pages\/1553"}],"wp:attachment":[{"href":"http:\/\/bankas.viko.lt\/index.php?rest_route=%2Fwp%2Fv2%2Fmedia&parent=1722"}],"curies":[{"name":"wp","href":"https:\/\/api.w.org\/{rel}","templated":true}]}}