{"id":1707,"date":"2024-01-29T06:12:12","date_gmt":"2024-01-29T06:12:12","guid":{"rendered":"http:\/\/bankas.viko.lt\/?page_id=1707"},"modified":"2024-05-30T05:20:35","modified_gmt":"2024-05-30T05:20:35","slug":"kaupiamasis-indelis-accumulation-deposit","status":"publish","type":"page","link":"http:\/\/bankas.viko.lt\/?page_id=1707","title":{"rendered":"Kaupiamasis ind\u0117lis \/ Accumulation deposit"},"content":{"rendered":"\n<h3 class=\"wp-block-heading has-text-align-center\"><a href=\"https:\/\/docs.google.com\/forms\/d\/1Y7vooxXOxeKbfk2ea9wGXcw0b5KG3RZkMhp5a6QE8wM\/edit\">PILDYTI PARAI\u0160K\u0104 \/ FILL IN AN APPLICATION<\/a><\/h3>\n\n\n\n<p><strong>\u012edarbink savo santaupas jau \u0161iandien!<\/strong><\/p>\n\n\n\n<p><strong>Kaupiamasis ind\u0117lis <\/strong>\u2013 tai paprastas ir patogus pinig\u0173 kaupimo b\u016bdas, kuris leid\u017eia per pasirinkt\u0105 laik\u0105 sutaupyti norim\u0105 pinig\u0173 sum\u0105. \u0160is ind\u0117lis skirtas tiems, kurie nori nuolat kaupti pinigus ir tur\u0117ti galimyb\u0119 periodi\u0161kai pervesti l\u0117\u0161as \u012f ind\u0117lio s\u0105skait\u0105, kai galite bet kada papildyti ind\u0117lio s\u0105skait\u0105 ir prireikus, nenutraukdami ind\u0117lio sutarties, dal\u012f ind\u0117lio l\u0117\u0161\u0173 pasiimti.<\/p>\n\n\n\n<p><strong>S\u0105lygos:<\/strong><\/p>\n\n\n\n<ul class=\"wp-block-list\">\n<li>D\u0117l konsultacijos galite kreiptis nuotoliniu b\u016bdu (nuoroda \u012f kontaktus);&nbsp;&nbsp;<\/li>\n\n\n\n<li>Sutart\u012f galima sudaryti greitai interneto banke;&nbsp;<\/li>\n\n\n\n<li>Sutarties mokes\u010dio n\u0117ra;&nbsp;<\/li>\n\n\n\n<li>Minimali ind\u0117lio suma \u2013 500 Eur;<\/li>\n\n\n\n<li>Maksimali ind\u0117lio suma \u2013 70 t\u016bkst. Eur.\/USD;<\/li>\n\n\n\n<li>Terminas nuo 3 m\u0117n. Iki 36 m\u0117n.<\/li>\n\n\n\n<li>Pal\u016bkanos svyruoja nuo 2 proc. iki 4 proc;<\/li>\n\n\n\n<li>Pal\u016bkanos i\u0161mokamos 1 kart\u0105 per m\u0117nes\u012f \u012f kliento nurodyta s\u0105skaita;<\/li>\n\n\n\n<li>Ind\u0117lio nutraukimo atveju, ind\u0117lis ir dalis sukaupt\u0173 pal\u016bkan\u0173 yra i\u0161mokama;<\/li>\n\n\n\n<li>Nutraukus sutart\u012f yra i\u0161mokamas ind\u0117lis su 10 procent\u0173 pal\u016bkan\u0173 dalies.<\/li>\n<\/ul>\n\n\n\n<p>Kaupiamojo ind\u0117lio metin\u0117s pal\u016bkanos, (proc.):<\/p>\n\n\n\n<figure class=\"wp-block-image size-large\"><a href=\"http:\/\/bankas.viko.lt\/wp-content\/uploads\/2024\/01\/kaupinju-2023-23.jpg\"><img loading=\"lazy\" decoding=\"async\" width=\"1024\" height=\"195\" src=\"http:\/\/bankas.viko.lt\/wp-content\/uploads\/2024\/01\/kaupinju-2023-23-1024x195.jpg\" alt=\"\" class=\"wp-image-1715\" srcset=\"http:\/\/bankas.viko.lt\/wp-content\/uploads\/2024\/01\/kaupinju-2023-23-1024x195.jpg 1024w, http:\/\/bankas.viko.lt\/wp-content\/uploads\/2024\/01\/kaupinju-2023-23-300x57.jpg 300w, http:\/\/bankas.viko.lt\/wp-content\/uploads\/2024\/01\/kaupinju-2023-23-768x146.jpg 768w, http:\/\/bankas.viko.lt\/wp-content\/uploads\/2024\/01\/kaupinju-2023-23-1536x293.jpg 1536w, http:\/\/bankas.viko.lt\/wp-content\/uploads\/2024\/01\/kaupinju-2023-23.jpg 1748w\" sizes=\"auto, (max-width: 1024px) 100vw, 1024px\" \/><\/a><\/figure>\n\n\n\n<h2 class=\"wp-block-heading\"><strong>Accumulation deposit<\/strong><\/h2>\n\n\n\n<p><strong>Put your savings to work today!<\/strong><\/p>\n\n\n\n<p><strong>Accumulation deposit<\/strong> is a simple and convenient way of accumulating money, which allows you to save the desired amount of money during the selected period of time. This deposit is intended for those who want to constantly accumulate money and be able to periodically transfer funds to a deposit account, where you can replenish the deposit account at any time and, if necessary, withdraw part of the deposit funds without terminating the deposit agreement.<\/p>\n\n\n\n<p><strong>Conditions:<\/strong><\/p>\n\n\n\n<ul class=\"wp-block-list\">\n<li>You can apply for a consultation remotely (link to contacts);<\/li>\n\n\n\n<li>The contract can be concluded quickly in the internet bank;<\/li>\n\n\n\n<li>There is no contract fee;<\/li>\n\n\n\n<li>Minimum deposit amount \u2013 500 EUR;<\/li>\n\n\n\n<li>The maximum deposit amount is 70 thousand. EUR\/USD;<\/li>\n\n\n\n<li>Term from 3 months Up to 36 months;<\/li>\n\n\n\n<li>Interest rates range from 2 percent. up to 4 percent;<\/li>\n\n\n\n<li>Interest is paid once a month to the account indicated by the client;<\/li>\n\n\n\n<li>In case of termination of the deposit, the deposit and part of the accrued interest are paid out;<\/li>\n\n\n\n<li>Upon termination of the contract, a deposit with 10 percent interest is paid.<\/li>\n<\/ul>\n\n\n\n<p>Annual interest on the cumulative deposit, (%):<\/p>\n\n\n\n<figure class=\"wp-block-image size-large\"><a href=\"http:\/\/bankas.viko.lt\/wp-content\/uploads\/2024\/01\/kaupinjuen-2023-12.jpg\"><img loading=\"lazy\" decoding=\"async\" width=\"1024\" height=\"185\" src=\"http:\/\/bankas.viko.lt\/wp-content\/uploads\/2024\/01\/kaupinjuen-2023-12-1024x185.jpg\" alt=\"\" class=\"wp-image-1716\" srcset=\"http:\/\/bankas.viko.lt\/wp-content\/uploads\/2024\/01\/kaupinjuen-2023-12-1024x185.jpg 1024w, http:\/\/bankas.viko.lt\/wp-content\/uploads\/2024\/01\/kaupinjuen-2023-12-300x54.jpg 300w, http:\/\/bankas.viko.lt\/wp-content\/uploads\/2024\/01\/kaupinjuen-2023-12-768x139.jpg 768w, http:\/\/bankas.viko.lt\/wp-content\/uploads\/2024\/01\/kaupinjuen-2023-12-1536x277.jpg 1536w, http:\/\/bankas.viko.lt\/wp-content\/uploads\/2024\/01\/kaupinjuen-2023-12.jpg 1696w\" sizes=\"auto, (max-width: 1024px) 100vw, 1024px\" \/><\/a><\/figure>\n","protected":false},"excerpt":{"rendered":"<p>PILDYTI PARAI\u0160K\u0104 \/ FILL IN AN APPLICATION \u012edarbink savo santaupas jau \u0161iandien! Kaupiamasis ind\u0117lis \u2013 tai paprastas ir patogus pinig\u0173 kaupimo b\u016bdas, kuris leid\u017eia per pasirinkt\u0105 laik\u0105 sutaupyti norim\u0105 pinig\u0173 sum\u0105. \u0160is ind\u0117lis skirtas tiems, kurie nori nuolat kaupti pinigus ir tur\u0117ti galimyb\u0119 periodi\u0161kai pervesti l\u0117\u0161as \u012f ind\u0117lio s\u0105skait\u0105, kai galite bet kada papildyti ind\u0117lio s\u0105skait\u0105 ir prireikus, nenutraukdami ind\u0117lio sutarties, dal\u012f ind\u0117lio l\u0117\u0161\u0173 pasiimti. S\u0105lygos: Kaupiamojo ind\u0117lio metin\u0117s pal\u016bkanos,&#8230;<\/p>\n","protected":false},"author":1,"featured_media":0,"parent":1703,"menu_order":1,"comment_status":"closed","ping_status":"closed","template":"","meta":{"footnotes":""},"class_list":["post-1707","page","type-page","status-publish","hentry"],"_links":{"self":[{"href":"http:\/\/bankas.viko.lt\/index.php?rest_route=\/wp\/v2\/pages\/1707","targetHints":{"allow":["GET"]}}],"collection":[{"href":"http:\/\/bankas.viko.lt\/index.php?rest_route=\/wp\/v2\/pages"}],"about":[{"href":"http:\/\/bankas.viko.lt\/index.php?rest_route=\/wp\/v2\/types\/page"}],"author":[{"embeddable":true,"href":"http:\/\/bankas.viko.lt\/index.php?rest_route=\/wp\/v2\/users\/1"}],"replies":[{"embeddable":true,"href":"http:\/\/bankas.viko.lt\/index.php?rest_route=%2Fwp%2Fv2%2Fcomments&post=1707"}],"version-history":[{"count":4,"href":"http:\/\/bankas.viko.lt\/index.php?rest_route=\/wp\/v2\/pages\/1707\/revisions"}],"predecessor-version":[{"id":1761,"href":"http:\/\/bankas.viko.lt\/index.php?rest_route=\/wp\/v2\/pages\/1707\/revisions\/1761"}],"up":[{"embeddable":true,"href":"http:\/\/bankas.viko.lt\/index.php?rest_route=\/wp\/v2\/pages\/1703"}],"wp:attachment":[{"href":"http:\/\/bankas.viko.lt\/index.php?rest_route=%2Fwp%2Fv2%2Fmedia&parent=1707"}],"curies":[{"name":"wp","href":"https:\/\/api.w.org\/{rel}","templated":true}]}}