{"id":1696,"date":"2024-01-29T06:03:15","date_gmt":"2024-01-29T06:03:15","guid":{"rendered":"http:\/\/bankas.viko.lt\/?page_id=1696"},"modified":"2024-05-30T05:20:25","modified_gmt":"2024-05-30T05:20:25","slug":"kreditavimas-loans","status":"publish","type":"page","link":"http:\/\/bankas.viko.lt\/?page_id=1696","title":{"rendered":"Kreditavimas \/ Loans"},"content":{"rendered":"\n<h3 class=\"wp-block-heading has-text-align-center\"><a href=\"https:\/\/docs.google.com\/forms\/d\/1oSvS7hvf2PqADchLxotkscwy-Gg9f6uRe6ahXCrH3q8\/edit?usp=forms_home\">PILDYTI PARAI\u0160K\u0104 \/ FILL IN AN APPLICATION<\/a><\/h3>\n\n\n\n<h2 class=\"wp-block-heading has-text-align-left\">\u017dalioji paskola: \u012fdarbinkite elektr\u0105 savo poreikiams!<\/h2>\n\n\n\n<p>Elektra dirbs j\u016bs\u0173 naudai su Viko banko naujuoju pasi\u016blymu asmenims \u2013 \u017ealioji paskola.<\/p>\n\n\n\n<p><strong>&nbsp;Jums dirbanti elektra gali pasi\u016blyti:<\/strong><\/p>\n\n\n\n<ul class=\"wp-block-list\">\n<li>Ma\u017eesnes s\u0105skaitas u\u017e elektr\u0105;<\/li>\n\n\n\n<li>Nepriklausomyb\u0119 nuo elektros tinkl\u0173 ir tar\u0161os mokes\u010di\u0173;<\/li>\n\n\n\n<li>Greit\u0105 atsiperkamum\u0105;<\/li>\n\n\n\n<li>Galimyb\u0119 neter\u0161ti gamtos.<\/li>\n<\/ul>\n\n\n\n<p><strong>\u017dalioji paskola skirta:<\/strong><\/p>\n\n\n\n<ul class=\"wp-block-list\">\n<li>Saul\u0117s baterijoms ir\/ar elektrin\u0117ms \u012fsigyti bei \u012fsirengti;<\/li>\n\n\n\n<li>Nutolusios saul\u0117s elektrin\u0117s daliai \u012fsigyti;<\/li>\n\n\n\n<li>Naujam \u0161ilumos siurbliui (-iams) ar biokuro katilui \u012fsigyti bei \u012fsirengti;<\/li>\n\n\n\n<li>Elektromobiliams ar hibridiniams automobiliams \u012fsigyti.<\/li>\n<\/ul>\n\n\n\n<p><strong>S\u0105lygos:<\/strong><\/p>\n\n\n\n<ul class=\"wp-block-list\">\n<li>Terminas nuo 1 iki&nbsp;7-eri\u0173 met\u0173;<\/li>\n\n\n\n<li>Suma iki&nbsp;nuo 5 000 iki 20 000&nbsp;eur\u0173;<\/li>\n\n\n\n<li>Fiksuotos metin\u0117s pal\u016bkanos nuo&nbsp;4,9 proc.;<\/li>\n\n\n\n<li>Jokio pradinio \u012fna\u0161o ar i\u0161ankstinio gr\u0105\u017einimo mokes\u010dio;<\/li>\n\n\n\n<li>Sutarties administravimo (sudarymo) mokestis&nbsp;n\u0117ra.<\/li>\n<\/ul>\n\n\n\n<h2 class=\"wp-block-heading\">Green loan: employ electricity for your needs!<\/h2>\n\n\n\n<p>Electricity will work in your favor with VIKO BANK new offer for individuals &#8211; a green loan.<\/p>\n\n\n\n<p>&nbsp;<strong>Electricity that works for you can offer:<\/strong><\/p>\n\n\n\n<ul class=\"wp-block-list\">\n<li>Lower electricity bills;<\/li>\n\n\n\n<li>Independence from electricity grids and pollution taxes;<\/li>\n\n\n\n<li>Quick payback;<\/li>\n\n\n\n<li>The possibility of not polluting nature.<\/li>\n<\/ul>\n\n\n\n<p><strong>The green loan is intended for:<\/strong><\/p>\n\n\n\n<ul class=\"wp-block-list\">\n<li>To purchase and install solar batteries and\/or power plants;<\/li>\n\n\n\n<li>To purchase part of a remote solar power plant;<\/li>\n\n\n\n<li>To purchase and install a new heat pump(s) or biofuel boiler;<\/li>\n\n\n\n<li>To purchase electric or hybrid cars.<\/li>\n<\/ul>\n\n\n\n<p><strong>Conditions:<\/strong><\/p>\n\n\n\n<ul class=\"wp-block-list\">\n<li>Term from 1 to 7 years;<\/li>\n\n\n\n<li>Amount from 5,000 to 20,000 euros;<\/li>\n\n\n\n<li>Fixed annual interest from 4.9%;<\/li>\n\n\n\n<li>No down payment or early repayment fee;<\/li>\n\n\n\n<li>There is no contract administration (conclusion) fee.<\/li>\n<\/ul>\n","protected":false},"excerpt":{"rendered":"<p>PILDYTI PARAI\u0160K\u0104 \/ FILL IN AN APPLICATION \u017dalioji paskola: \u012fdarbinkite elektr\u0105 savo poreikiams! Elektra dirbs j\u016bs\u0173 naudai su Viko banko naujuoju pasi\u016blymu asmenims \u2013 \u017ealioji paskola. &nbsp;Jums dirbanti elektra gali pasi\u016blyti: \u017dalioji paskola skirta: S\u0105lygos: Green loan: employ electricity for your needs! Electricity will work in your favor with VIKO BANK new offer for individuals &#8211; a green loan. &nbsp;Electricity that works for you can offer: The green loan is&#8230;<\/p>\n","protected":false},"author":1,"featured_media":0,"parent":1553,"menu_order":1,"comment_status":"closed","ping_status":"closed","template":"","meta":{"footnotes":""},"class_list":["post-1696","page","type-page","status-publish","hentry"],"_links":{"self":[{"href":"http:\/\/bankas.viko.lt\/index.php?rest_route=\/wp\/v2\/pages\/1696","targetHints":{"allow":["GET"]}}],"collection":[{"href":"http:\/\/bankas.viko.lt\/index.php?rest_route=\/wp\/v2\/pages"}],"about":[{"href":"http:\/\/bankas.viko.lt\/index.php?rest_route=\/wp\/v2\/types\/page"}],"author":[{"embeddable":true,"href":"http:\/\/bankas.viko.lt\/index.php?rest_route=\/wp\/v2\/users\/1"}],"replies":[{"embeddable":true,"href":"http:\/\/bankas.viko.lt\/index.php?rest_route=%2Fwp%2Fv2%2Fcomments&post=1696"}],"version-history":[{"count":5,"href":"http:\/\/bankas.viko.lt\/index.php?rest_route=\/wp\/v2\/pages\/1696\/revisions"}],"predecessor-version":[{"id":1760,"href":"http:\/\/bankas.viko.lt\/index.php?rest_route=\/wp\/v2\/pages\/1696\/revisions\/1760"}],"up":[{"embeddable":true,"href":"http:\/\/bankas.viko.lt\/index.php?rest_route=\/wp\/v2\/pages\/1553"}],"wp:attachment":[{"href":"http:\/\/bankas.viko.lt\/index.php?rest_route=%2Fwp%2Fv2%2Fmedia&parent=1696"}],"curies":[{"name":"wp","href":"https:\/\/api.w.org\/{rel}","templated":true}]}}