{"id":1692,"date":"2024-01-29T05:58:47","date_gmt":"2024-01-29T05:58:47","guid":{"rendered":"http:\/\/bankas.viko.lt\/?page_id=1692"},"modified":"2024-05-30T05:20:15","modified_gmt":"2024-05-30T05:20:15","slug":"kasdienes-paslaugos-everyday-banking","status":"publish","type":"page","link":"http:\/\/bankas.viko.lt\/?page_id=1692","title":{"rendered":"Kasdien\u0117s paslaugos \/ Everyday banking"},"content":{"rendered":"\n<h3 class=\"wp-block-heading has-text-align-center\"><a href=\"https:\/\/docs.google.com\/forms\/d\/1d2AaJP4kKDnhQHu9_Kqk0HpGvs9KUCGAMSaW2_Dpp0w\/edit?usp=forms_home\">PILDYTI PARAI\u0160K\u0104 \/ FILL IN AN APPLICATION<\/a><\/h3>\n\n\n\n<h2 class=\"wp-block-heading\">S\u0105skaitos atidarymas juridiniams asmenims<\/h2>\n\n\n\n<p>Verslo prad\u017eia gali b\u016bti lengva ir sklandi \u2013 ypa\u010d, jei renkat\u0117s Viko bank\u0105! Atrinkome jums aktualiausius pasi\u016blymus, kurie leis vis\u0105 d\u0117mes\u012f skirti verslo id\u0117j\u0173 vystymui ir \u012fgyvendinimui, \u017einant, kad finansiniais reikalais pasir\u016bpinsime mes.<\/p>\n\n\n\n<p><strong>Pasi\u016blymai s\u0117kmingam j\u016bs\u0173 verslo startui:<\/strong><\/p>\n\n\n\n<ul class=\"wp-block-list\">\n<li><strong>1 % metin\u0117s pal\u016bkanos u\u017e s\u0105skaitos likut\u012f<\/strong>. Mok\u0117sime 12 m\u0117n. pirmai atidarytai banko s\u0105skaitai eurais, jeigu likutis nevir\u0161ija 70 000 EUR.<\/li>\n\n\n\n<li><strong>3 m\u0117n. nemokama joki\u0173 m\u0117nesio moke\u010di\u0173.<\/strong><\/li>\n\n\n\n<li><strong>Nemokamos kasdien\u0117s paslaugos pirmus 6 m\u0117n.<\/strong> Naudokis neribotais pervedimais eurais, debetine kortele ir s\u0105skaitomis nemokamai.<\/li>\n<\/ul>\n\n\n\n<h2 class=\"wp-block-heading\">Account opening for business<\/h2>\n\n\n\n<p>Starting a business can be easy and smooth &#8211; especially if you choose VIKO BANK! We have selected the most relevant offers for you, which will allow you to pay full attention to the development and implementation of business ideas, knowing that we will take care of financial matters.<\/p>\n\n\n\n<p><strong>Suggestions for a successful start of your business:<\/strong><\/p>\n\n\n\n<ul class=\"wp-block-list\">\n<li>1% annual interest on account balance. We will pay for 12 months. for the first opened bank account in euros, if the balance does not exceed EUR 70,000.<\/li>\n\n\n\n<li>3 months free no monthly fees.<\/li>\n\n\n\n<li>Free daily services for the first 6 months. Enjoy unlimited transfers in euros, debit cards and accounts for free.<\/li>\n<\/ul>\n","protected":false},"excerpt":{"rendered":"<p>PILDYTI PARAI\u0160K\u0104 \/ FILL IN AN APPLICATION S\u0105skaitos atidarymas juridiniams asmenims Verslo prad\u017eia gali b\u016bti lengva ir sklandi \u2013 ypa\u010d, jei renkat\u0117s Viko bank\u0105! Atrinkome jums aktualiausius pasi\u016blymus, kurie leis vis\u0105 d\u0117mes\u012f skirti verslo id\u0117j\u0173 vystymui ir \u012fgyvendinimui, \u017einant, kad finansiniais reikalais pasir\u016bpinsime mes. Pasi\u016blymai s\u0117kmingam j\u016bs\u0173 verslo startui: Account opening for business Starting a business can be easy and smooth &#8211; especially if you choose VIKO BANK! We have&#8230;<\/p>\n","protected":false},"author":1,"featured_media":0,"parent":1553,"menu_order":1,"comment_status":"closed","ping_status":"closed","template":"","meta":{"footnotes":""},"class_list":["post-1692","page","type-page","status-publish","hentry"],"_links":{"self":[{"href":"http:\/\/bankas.viko.lt\/index.php?rest_route=\/wp\/v2\/pages\/1692","targetHints":{"allow":["GET"]}}],"collection":[{"href":"http:\/\/bankas.viko.lt\/index.php?rest_route=\/wp\/v2\/pages"}],"about":[{"href":"http:\/\/bankas.viko.lt\/index.php?rest_route=\/wp\/v2\/types\/page"}],"author":[{"embeddable":true,"href":"http:\/\/bankas.viko.lt\/index.php?rest_route=\/wp\/v2\/users\/1"}],"replies":[{"embeddable":true,"href":"http:\/\/bankas.viko.lt\/index.php?rest_route=%2Fwp%2Fv2%2Fcomments&post=1692"}],"version-history":[{"count":2,"href":"http:\/\/bankas.viko.lt\/index.php?rest_route=\/wp\/v2\/pages\/1692\/revisions"}],"predecessor-version":[{"id":1759,"href":"http:\/\/bankas.viko.lt\/index.php?rest_route=\/wp\/v2\/pages\/1692\/revisions\/1759"}],"up":[{"embeddable":true,"href":"http:\/\/bankas.viko.lt\/index.php?rest_route=\/wp\/v2\/pages\/1553"}],"wp:attachment":[{"href":"http:\/\/bankas.viko.lt\/index.php?rest_route=%2Fwp%2Fv2%2Fmedia&parent=1692"}],"curies":[{"name":"wp","href":"https:\/\/api.w.org\/{rel}","templated":true}]}}