{"id":1675,"date":"2024-01-26T06:43:38","date_gmt":"2024-01-26T06:43:38","guid":{"rendered":"http:\/\/bankas.viko.lt\/?page_id=1675"},"modified":"2024-05-30T05:20:04","modified_gmt":"2024-05-30T05:20:04","slug":"investavimas-investments","status":"publish","type":"page","link":"http:\/\/bankas.viko.lt\/?page_id=1675","title":{"rendered":"Investavimas \/ Investments"},"content":{"rendered":"\n<h3 class=\"wp-block-heading has-text-align-center\"><a href=\"https:\/\/docs.google.com\/forms\/d\/1YQTlOmGzzSzXfa6D_bhfhlC5sEKEScLgxJVvvSkWzwk\/edit\">PILDYTI PARAI\u0160K\u0104 \/ FILL IN AN APPLICATION<\/a><\/h3>\n\n\n\n<h2 class=\"wp-block-heading\">Obligacijos<\/h2>\n\n\n\n<p>Naujiena \u2013 nuo \u0161iol \u012f obligacijas galima investuoti nuo 100 Eur!<\/p>\n\n\n\n<p>Fiksuoto pajamingumo obligacijos skirtos klientams, kurie teikia pirmenyb\u0119 investicijoms su numatomu u\u017edarbio lygiu. U\u017e fiksuot\u0173 pajam\u0173 vertybinius popierius mokamos i\u0161 anksto nustatytos ir fiksuotos pal\u016bkan\u0173 pajamos per i\u0161 anksto nustatyt\u0105 termin\u0105. Obligacijas galite parduoti iki j\u0173 i\u0161pirkimo datos, tokiu atveju obligacij\u0173 kaina priklausys nuo pardavimo metu esan\u010dios situacijos rinkoje bei nuo pal\u016bkan\u0173 norm\u0173 lygio.<br>Kod\u0117l verta rinktis VIKO BANKAS obligacijas:<\/p>\n\n\n\n<ul class=\"wp-block-list\">\n<li>Fiksuotas pajamingumas;<\/li>\n\n\n\n<li>Investicij\u0173 gr\u0105\u017eos svyravimai \u012fprastai yra ma\u017eesni, palyginus su investiciniais fondais;<\/li>\n\n\n\n<li>Nemokamas vertybini\u0173 popieri\u0173 saugojimas iki 30 000 Eur;<\/li>\n\n\n\n<li>\u012eprastai ma\u017ea investavimo rizika.<\/li>\n<\/ul>\n\n\n\n<figure class=\"wp-block-image size-large\"><a href=\"http:\/\/bankas.viko.lt\/wp-content\/uploads\/2024\/01\/obligacijos-23-12.jpg\"><img loading=\"lazy\" decoding=\"async\" width=\"1024\" height=\"126\" src=\"http:\/\/bankas.viko.lt\/wp-content\/uploads\/2024\/01\/obligacijos-23-12-1024x126.jpg\" alt=\"\" class=\"wp-image-1676\" srcset=\"http:\/\/bankas.viko.lt\/wp-content\/uploads\/2024\/01\/obligacijos-23-12-1024x126.jpg 1024w, http:\/\/bankas.viko.lt\/wp-content\/uploads\/2024\/01\/obligacijos-23-12-300x37.jpg 300w, http:\/\/bankas.viko.lt\/wp-content\/uploads\/2024\/01\/obligacijos-23-12-768x95.jpg 768w, http:\/\/bankas.viko.lt\/wp-content\/uploads\/2024\/01\/obligacijos-23-12-1536x189.jpg 1536w, http:\/\/bankas.viko.lt\/wp-content\/uploads\/2024\/01\/obligacijos-23-12.jpg 1747w\" sizes=\"auto, (max-width: 1024px) 100vw, 1024px\" \/><\/a><\/figure>\n\n\n\n<h2 class=\"wp-block-heading\">Bonds<\/h2>\n\n\n\n<p>News \u2013 from now on you can invest in bonds from 100 EUR!<\/p>\n\n\n\n<p>Fixed income bonds are intended for clients who prefer investments with an expected level of earnings. Fixed income securities pay predetermined and fixed interest income over a predetermined period of time. You can sell the bonds before their maturity date, in which case the price of the bonds will depend on the market situation at the time of sale and on the level of interest rates.<\/p>\n\n\n\n<p>Why should you choose VIKO BANK bonds:<br>\u2022 Fixed income;<br>\u2022 Fluctuations in investment returns are usually lower compared to mutual funds;<br>\u2022 Free storage of securities up to EUR 30,000;<br>\u2022 Generally low investment risk.<\/p>\n\n\n\n<figure class=\"wp-block-image size-large\"><a href=\"http:\/\/bankas.viko.lt\/wp-content\/uploads\/2024\/01\/bonds-23-12.jpg\"><img loading=\"lazy\" decoding=\"async\" width=\"1024\" height=\"130\" src=\"http:\/\/bankas.viko.lt\/wp-content\/uploads\/2024\/01\/bonds-23-12-1024x130.jpg\" alt=\"\" class=\"wp-image-1677\" srcset=\"http:\/\/bankas.viko.lt\/wp-content\/uploads\/2024\/01\/bonds-23-12-1024x130.jpg 1024w, http:\/\/bankas.viko.lt\/wp-content\/uploads\/2024\/01\/bonds-23-12-300x38.jpg 300w, http:\/\/bankas.viko.lt\/wp-content\/uploads\/2024\/01\/bonds-23-12-768x98.jpg 768w, http:\/\/bankas.viko.lt\/wp-content\/uploads\/2024\/01\/bonds-23-12-1536x195.jpg 1536w, http:\/\/bankas.viko.lt\/wp-content\/uploads\/2024\/01\/bonds-23-12.jpg 1628w\" sizes=\"auto, (max-width: 1024px) 100vw, 1024px\" \/><\/a><\/figure>\n","protected":false},"excerpt":{"rendered":"<p>PILDYTI PARAI\u0160K\u0104 \/ FILL IN AN APPLICATION Obligacijos Naujiena \u2013 nuo \u0161iol \u012f obligacijas galima investuoti nuo 100 Eur! Fiksuoto pajamingumo obligacijos skirtos klientams, kurie teikia pirmenyb\u0119 investicijoms su numatomu u\u017edarbio lygiu. U\u017e fiksuot\u0173 pajam\u0173 vertybinius popierius mokamos i\u0161 anksto nustatytos ir fiksuotos pal\u016bkan\u0173 pajamos per i\u0161 anksto nustatyt\u0105 termin\u0105. Obligacijas galite parduoti iki j\u0173 i\u0161pirkimo datos, tokiu atveju obligacij\u0173 kaina priklausys nuo pardavimo metu esan\u010dios situacijos rinkoje bei nuo&#8230;<\/p>\n","protected":false},"author":1,"featured_media":0,"parent":1550,"menu_order":4,"comment_status":"closed","ping_status":"closed","template":"","meta":{"footnotes":""},"class_list":["post-1675","page","type-page","status-publish","hentry"],"_links":{"self":[{"href":"http:\/\/bankas.viko.lt\/index.php?rest_route=\/wp\/v2\/pages\/1675","targetHints":{"allow":["GET"]}}],"collection":[{"href":"http:\/\/bankas.viko.lt\/index.php?rest_route=\/wp\/v2\/pages"}],"about":[{"href":"http:\/\/bankas.viko.lt\/index.php?rest_route=\/wp\/v2\/types\/page"}],"author":[{"embeddable":true,"href":"http:\/\/bankas.viko.lt\/index.php?rest_route=\/wp\/v2\/users\/1"}],"replies":[{"embeddable":true,"href":"http:\/\/bankas.viko.lt\/index.php?rest_route=%2Fwp%2Fv2%2Fcomments&post=1675"}],"version-history":[{"count":2,"href":"http:\/\/bankas.viko.lt\/index.php?rest_route=\/wp\/v2\/pages\/1675\/revisions"}],"predecessor-version":[{"id":1758,"href":"http:\/\/bankas.viko.lt\/index.php?rest_route=\/wp\/v2\/pages\/1675\/revisions\/1758"}],"up":[{"embeddable":true,"href":"http:\/\/bankas.viko.lt\/index.php?rest_route=\/wp\/v2\/pages\/1550"}],"wp:attachment":[{"href":"http:\/\/bankas.viko.lt\/index.php?rest_route=%2Fwp%2Fv2%2Fmedia&parent=1675"}],"curies":[{"name":"wp","href":"https:\/\/api.w.org\/{rel}","templated":true}]}}