{"id":1639,"date":"2024-01-25T12:51:14","date_gmt":"2024-01-25T12:51:14","guid":{"rendered":"http:\/\/bankas.viko.lt\/?page_id=1639"},"modified":"2024-05-30T05:18:49","modified_gmt":"2024-05-30T05:18:49","slug":"kasdienes-paslaugos","status":"publish","type":"page","link":"http:\/\/bankas.viko.lt\/?page_id=1639","title":{"rendered":"Kasdien\u0117s paslaugos \/ Everyday banking"},"content":{"rendered":"\n<h3 class=\"wp-block-heading has-text-align-center\"><a href=\"https:\/\/docs.google.com\/forms\/d\/1dYcf6cMPJ1h6ccCarH7qZDkbvHmBWclsyZfv_CxXopo\/edit\">PILDYTI PARAI\u0160K\u0104 \/ FILL IN AN APPLICATION<\/a><\/h3>\n\n\n\n<h2 class=\"wp-block-heading\"><strong>S\u0105skaitos atidarymas fiziniams asmenims<\/strong><\/h2>\n\n\n\n<p>VIKO BANKAS klientai norintys atlikti kasdienines finansines operacijas gali atsidaryti einam\u0105j\u0105 s\u0105skait\u0105. Ji leid\u017eia klientams gauti mok\u0117jimus, atlikti pavedimus, mok\u0117ti s\u0105skaitas, gauti banko i\u0161ra\u0161us.<\/p>\n\n\n\n<p><strong>S\u0105lygos:<\/strong><\/p>\n\n\n\n<ul class=\"wp-block-list\">\n<li>S\u0105skaitos atidarymas VIKO BANKAS yra nemokamas;<\/li>\n\n\n\n<li>S\u0105skaita galite atsidaryti nuotolini\u0173 u\u017epild\u0119 parai\u0161k\u0105 arba atvyk\u0119 \u012f VIKO BANKAS.<\/li>\n\n\n\n<li>S\u0105skait\u0105 galite tvarkyti ir atvyk\u0119 \u012f VIKO BANKAS;<\/li>\n<\/ul>\n\n\n\n<p><strong>Tur\u0117dami VIKO BANKAS s\u0105skait\u0105, galite:<\/strong><\/p>\n\n\n\n<ul class=\"wp-block-list\">\n<li>saugiai laikyti ir kaupti pinigus s\u0105skaitoje;<\/li>\n\n\n\n<li>\u012f s\u0105skait\u0105 gauti darbo u\u017emokest\u012f ir kitas pajamas;<\/li>\n\n\n\n<li>gauti i\u0161 banko s\u0105skait\u0173 Lietuvoje ir u\u017esienyje Jums pervedamus pinigus;<\/li>\n\n\n\n<li>pervesti pinigus \u012f kitas s\u0105skaitas Lietuvoje ar u\u017esienyje;<\/li>\n\n\n\n<li>patogiai valdyti savo pinigus;<\/li>\n<\/ul>\n\n\n\n<h2 class=\"wp-block-heading\"><strong>Account opening for private persons<\/strong><\/h2>\n\n\n\n<p>Customers of VIKO BANK who wish to perform daily financial transactions can open a current account. It allows customers to receive payments, make transfers, pay bills, receive bank statements.<\/p>\n\n\n\n<p><strong>Conditions:<\/strong><\/p>\n\n\n\n<ul class=\"wp-block-list\">\n<li>Opening a VIKO BANK account is free;<\/li>\n\n\n\n<li>You can open an account remotely by filling out an application or by visiting VIKO BANK.<\/li>\n\n\n\n<li>You can also manage your account when you come to VIKO BANK;<\/li>\n<\/ul>\n\n\n\n<p><strong>With a VIKO BANKAS account, you can:<\/strong><\/p>\n\n\n\n<ul class=\"wp-block-list\">\n<li>safely store and accumulate money in the account;<\/li>\n\n\n\n<li>receive wages and other income into the account;<\/li>\n\n\n\n<li>receive money transferred to you from bank accounts in Lithuania and abroad;<\/li>\n\n\n\n<li>transfer money to other accounts in Lithuania or abroad;<\/li>\n\n\n\n<li>conveniently manage your money;<\/li>\n<\/ul>\n","protected":false},"excerpt":{"rendered":"<p>PILDYTI PARAI\u0160K\u0104 \/ FILL IN AN APPLICATION S\u0105skaitos atidarymas fiziniams asmenims VIKO BANKAS klientai norintys atlikti kasdienines finansines operacijas gali atsidaryti einam\u0105j\u0105 s\u0105skait\u0105. Ji leid\u017eia klientams gauti mok\u0117jimus, atlikti pavedimus, mok\u0117ti s\u0105skaitas, gauti banko i\u0161ra\u0161us. S\u0105lygos: Tur\u0117dami VIKO BANKAS s\u0105skait\u0105, galite: Account opening for private persons Customers of VIKO BANK who wish to perform daily financial transactions can open a current account. It allows customers to receive payments, make transfers,&#8230;<\/p>\n","protected":false},"author":1,"featured_media":0,"parent":1550,"menu_order":1,"comment_status":"closed","ping_status":"closed","template":"","meta":{"footnotes":""},"class_list":["post-1639","page","type-page","status-publish","hentry"],"_links":{"self":[{"href":"http:\/\/bankas.viko.lt\/index.php?rest_route=\/wp\/v2\/pages\/1639","targetHints":{"allow":["GET"]}}],"collection":[{"href":"http:\/\/bankas.viko.lt\/index.php?rest_route=\/wp\/v2\/pages"}],"about":[{"href":"http:\/\/bankas.viko.lt\/index.php?rest_route=\/wp\/v2\/types\/page"}],"author":[{"embeddable":true,"href":"http:\/\/bankas.viko.lt\/index.php?rest_route=\/wp\/v2\/users\/1"}],"replies":[{"embeddable":true,"href":"http:\/\/bankas.viko.lt\/index.php?rest_route=%2Fwp%2Fv2%2Fcomments&post=1639"}],"version-history":[{"count":11,"href":"http:\/\/bankas.viko.lt\/index.php?rest_route=\/wp\/v2\/pages\/1639\/revisions"}],"predecessor-version":[{"id":1754,"href":"http:\/\/bankas.viko.lt\/index.php?rest_route=\/wp\/v2\/pages\/1639\/revisions\/1754"}],"up":[{"embeddable":true,"href":"http:\/\/bankas.viko.lt\/index.php?rest_route=\/wp\/v2\/pages\/1550"}],"wp:attachment":[{"href":"http:\/\/bankas.viko.lt\/index.php?rest_route=%2Fwp%2Fv2%2Fmedia&parent=1639"}],"curies":[{"name":"wp","href":"https:\/\/api.w.org\/{rel}","templated":true}]}}